{"id":548,"date":"2025-01-14T17:13:38","date_gmt":"2025-01-14T17:13:38","guid":{"rendered":"https:\/\/redjebouw.nl\/services\/"},"modified":"2025-01-15T16:03:54","modified_gmt":"2025-01-15T16:03:54","slug":"services","status":"publish","type":"page","link":"https:\/\/redjebouw.nl\/fr\/services\/","title":{"rendered":"Services"},"content":{"rendered":"\n<div class=\"wp-block-group alignfull has-global-padding is-layout-constrained wp-container-core-group-is-layout-0c9c989a wp-block-group-is-layout-constrained\" style=\"min-height:0vh;margin-top:0;margin-bottom:0;padding-top:var(--wp--preset--spacing--70);padding-right:var(--wp--preset--spacing--40);padding-bottom:var(--wp--preset--spacing--70);padding-left:var(--wp--preset--spacing--40)\">\n<div class=\"wp-block-group has-global-padding is-layout-constrained wp-container-core-group-is-layout-346627ba wp-block-group-is-layout-constrained\">\n<h2 class=\"wp-block-heading has-text-align-center has-xx-large-font-size\" style=\"margin-right:0;margin-left:0;padding-right:0;padding-left:0\">Services Redjebouw.nl<\/h2>\n\n\n\n<p class=\"has-text-align-center\">Comme des fleurs qui \u00e9closent dans des endroits inattendus, chaque histoire se d\u00e9ploie avec beaut\u00e9 et r\u00e9silience, r\u00e9v\u00e9lant des merveilles cach\u00e9es.<\/p>\n<\/div>\n<\/div>\n\n<div class=\"wp-block-group alignfull has-global-padding is-layout-constrained wp-container-core-group-is-layout-ebee8dc1 wp-block-group-is-layout-constrained\" style=\"margin-top:0;margin-bottom:0;padding-top:var(--wp--preset--spacing--50);padding-bottom:var(--wp--preset--spacing--50)\">\n<div class=\"wp-block-columns alignwide is-layout-flex wp-container-core-columns-is-layout-28f84493 wp-block-columns-is-layout-flex\">\n<div class=\"wp-block-column is-layout-flow wp-block-column-is-layout-flow\">\n<figure class=\"wp-block-image size-full\" style=\"margin-bottom:24px\"><img decoding=\"async\" src=\"https:\/\/redjebouw.nl\/wp-content\/themes\/twentytwentyfive\/assets\/images\/campanula-alliariifolia-flower.webp\" alt=\"Image pour le service\" style=\"aspect-ratio:4\/3;object-fit:cover\"\/><\/figure>\n\n\n\n<h3 class=\"wp-block-heading\">Collecter<\/h3>\n\n\n\n<p class=\"has-medium-font-size\">Comme des fleurs qui \u00e9closent dans des endroits inattendus, chaque histoire se d\u00e9ploie avec beaut\u00e9 et r\u00e9silience<\/p>\n<\/div>\n\n\n\n<div class=\"wp-block-column is-layout-flow wp-block-column-is-layout-flow\">\n<figure class=\"wp-block-image size-full\" style=\"margin-bottom:24px\"><img decoding=\"async\" src=\"https:\/\/redjebouw.nl\/wp-content\/themes\/twentytwentyfive\/assets\/images\/delphinium-flowers.webp\" alt=\"Image pour le service\" style=\"aspect-ratio:4\/3;object-fit:cover\"\/><\/figure>\n\n\n\n<h3 class=\"wp-block-heading\">Assembler<\/h3>\n\n\n\n<p class=\"has-medium-font-size\">Comme des fleurs qui \u00e9closent dans des endroits inattendus, chaque histoire se d\u00e9ploie avec beaut\u00e9 et r\u00e9silience<\/p>\n<\/div>\n\n\n\n<div class=\"wp-block-column is-layout-flow wp-block-column-is-layout-flow\">\n<figure class=\"wp-block-image size-full\" style=\"margin-bottom:24px\"><img decoding=\"async\" src=\"https:\/\/redjebouw.nl\/wp-content\/themes\/twentytwentyfive\/assets\/images\/star-thristle-flower.webp\" alt=\"Image pour le service\" style=\"aspect-ratio:4\/3;object-fit:cover\"\/><\/figure>\n\n\n\n<h3 class=\"wp-block-heading\">D\u00e9livrer<\/h3>\n\n\n\n<p class=\"has-medium-font-size\">Comme des fleurs qui \u00e9closent dans des endroits inattendus, chaque histoire se d\u00e9ploie avec beaut\u00e9 et r\u00e9silience<\/p>\n<\/div>\n<\/div>\n\n\n\n<div class=\"wp-block-columns alignwide is-layout-flex wp-container-core-columns-is-layout-28f84493 wp-block-columns-is-layout-flex\">\n<div class=\"wp-block-column is-layout-flow wp-block-column-is-layout-flow\">\n<figure class=\"wp-block-image size-full\" style=\"margin-bottom:24px\"><img decoding=\"async\" src=\"https:\/\/redjebouw.nl\/wp-content\/themes\/twentytwentyfive\/assets\/images\/campanula-alliariifolia-flower.webp\" alt=\"Image pour le service\" style=\"aspect-ratio:4\/3;object-fit:cover\"\/><\/figure>\n\n\n\n<h3 class=\"wp-block-heading\">Collecter<\/h3>\n\n\n\n<p class=\"has-medium-font-size\">Comme des fleurs qui \u00e9closent dans des endroits inattendus, chaque histoire se d\u00e9ploie avec beaut\u00e9 et r\u00e9silience<\/p>\n<\/div>\n\n\n\n<div class=\"wp-block-column is-layout-flow wp-block-column-is-layout-flow\">\n<figure class=\"wp-block-image size-full\" style=\"margin-bottom:24px\"><img decoding=\"async\" src=\"https:\/\/redjebouw.nl\/wp-content\/themes\/twentytwentyfive\/assets\/images\/delphinium-flowers.webp\" alt=\"Image pour le service\" style=\"aspect-ratio:4\/3;object-fit:cover\"\/><\/figure>\n\n\n\n<h3 class=\"wp-block-heading\">Assembler<\/h3>\n\n\n\n<p class=\"has-medium-font-size\">Comme des fleurs qui \u00e9closent dans des endroits inattendus, chaque histoire se d\u00e9ploie avec beaut\u00e9 et r\u00e9silience<\/p>\n<\/div>\n\n\n\n<div class=\"wp-block-column is-layout-flow wp-block-column-is-layout-flow\">\n<figure class=\"wp-block-image size-full\" style=\"margin-bottom:24px\"><img decoding=\"async\" src=\"https:\/\/redjebouw.nl\/wp-content\/themes\/twentytwentyfive\/assets\/images\/star-thristle-flower.webp\" alt=\"Image pour le service\" style=\"aspect-ratio:4\/3;object-fit:cover\"\/><\/figure>\n\n\n\n<h3 class=\"wp-block-heading\">D\u00e9livrer<\/h3>\n\n\n\n<p class=\"has-medium-font-size\">Comme des fleurs qui \u00e9closent dans des endroits inattendus, chaque histoire se d\u00e9ploie avec beaut\u00e9 et r\u00e9silience<\/p>\n<\/div>\n<\/div>\n\n\n\n<div class=\"wp-block-columns alignwide is-layout-flex wp-container-core-columns-is-layout-28f84493 wp-block-columns-is-layout-flex\">\n<div class=\"wp-block-column is-layout-flow wp-block-column-is-layout-flow\">\n<figure class=\"wp-block-image size-full\" style=\"margin-bottom:24px\"><img decoding=\"async\" src=\"https:\/\/redjebouw.nl\/wp-content\/themes\/twentytwentyfive\/assets\/images\/campanula-alliariifolia-flower.webp\" alt=\"Image pour le service\" style=\"aspect-ratio:4\/3;object-fit:cover\"\/><\/figure>\n\n\n\n<h3 class=\"wp-block-heading\">Collecter<\/h3>\n\n\n\n<p class=\"has-medium-font-size\">Comme des fleurs qui \u00e9closent dans des endroits inattendus, chaque histoire se d\u00e9ploie avec beaut\u00e9 et r\u00e9silience<\/p>\n<\/div>\n\n\n\n<div class=\"wp-block-column is-layout-flow wp-block-column-is-layout-flow\">\n<figure class=\"wp-block-image size-full\" style=\"margin-bottom:24px\"><img decoding=\"async\" src=\"https:\/\/redjebouw.nl\/wp-content\/themes\/twentytwentyfive\/assets\/images\/delphinium-flowers.webp\" alt=\"Image pour le service\" style=\"aspect-ratio:4\/3;object-fit:cover\"\/><\/figure>\n\n\n\n<h3 class=\"wp-block-heading\">Assembler<\/h3>\n\n\n\n<p class=\"has-medium-font-size\">Comme des fleurs qui \u00e9closent dans des endroits inattendus, chaque histoire se d\u00e9ploie avec beaut\u00e9 et r\u00e9silience<\/p>\n<\/div>\n\n\n\n<div class=\"wp-block-column is-layout-flow wp-block-column-is-layout-flow\">\n<figure class=\"wp-block-image size-full\" style=\"margin-bottom:24px\"><img decoding=\"async\" src=\"https:\/\/redjebouw.nl\/wp-content\/themes\/twentytwentyfive\/assets\/images\/star-thristle-flower.webp\" alt=\"Image pour le service\" style=\"aspect-ratio:4\/3;object-fit:cover\"\/><\/figure>\n\n\n\n<h3 class=\"wp-block-heading\">D\u00e9livrer<\/h3>\n\n\n\n<p class=\"has-medium-font-size\">Comme des fleurs qui \u00e9closent dans des endroits inattendus, chaque histoire se d\u00e9ploie avec beaut\u00e9 et r\u00e9silience<\/p>\n<\/div>\n<\/div>\n<\/div>\n\n<div class=\"wp-block-group alignfull is-style-section-1 has-global-padding is-layout-constrained wp-block-group-is-layout-constrained is-style-section-1--1\" style=\"margin-top:0;margin-bottom:0;padding-top:var(--wp--preset--spacing--80);padding-bottom:var(--wp--preset--spacing--80)\">\n<div class=\"wp-block-columns alignwide is-layout-flex wp-container-core-columns-is-layout-66fad18a wp-block-columns-is-layout-flex\">\n<div class=\"wp-block-column is-layout-flow wp-block-column-is-layout-flow\" style=\"padding-right:var(--wp--preset--spacing--50);flex-basis:45%\">\n<figure class=\"wp-block-image size-full\"><img decoding=\"async\" src=\"https:\/\/redjebouw.nl\/wp-content\/themes\/twentytwentyfive\/assets\/images\/red-hibiscus-closeup.webp\" alt=\"Photographie en gros plan d'une fleur rouge.\"\/><\/figure>\n\n\n\n<div class=\"wp-block-group has-global-padding is-layout-constrained wp-block-group-is-layout-constrained\" style=\"margin-top:-12vw\">\n<figure class=\"wp-block-image alignright size-full is-resized\" style=\"margin-right:-5vw;margin-left:-5vw\"><img decoding=\"async\" src=\"https:\/\/redjebouw.nl\/wp-content\/themes\/twentytwentyfive\/assets\/images\/grid-flower-2.webp\" alt=\"Photographie en noir et blanc d'une fleur en gros plan.\" style=\"width:202px\"\/><\/figure>\n<\/div>\n<\/div>\n\n\n\n<div class=\"wp-block-column is-vertically-aligned-center is-layout-flow wp-block-column-is-layout-flow\" style=\"padding-right:0;padding-left:0;flex-basis:50%\">\n<div class=\"wp-block-group is-vertical is-layout-flex wp-container-core-group-is-layout-fe9cc265 wp-block-group-is-layout-flex\">\n<h2 class=\"wp-block-heading is-style-text-annotation is-style-text-annotation--2\">\u00c0 propos de Redjebouw.nl<\/h2>\n<\/div>\n\n\n\n<p class=\"is-style-text-subtitle is-style-text-subtitle--3\"><strong>Redjebouw.nl<\/strong> est une soci\u00e9t\u00e9 de livraison de fleurs et d&rsquo;abonnement. Bas\u00e9e dans l&rsquo;Union europ\u00e9enne, notre mission n&rsquo;est pas seulement de livrer de magnifiques compositions florales, mais aussi de promouvoir la connaissance et l&rsquo;enthousiasme \u00e0 l&rsquo;\u00e9gard de ce merveilleux cadeau de la nature : les fleurs. <\/p>\n<\/div>\n<\/div>\n<\/div>\n\n<div class=\"wp-block-group alignfull has-global-padding is-layout-constrained wp-block-group-is-layout-constrained\" style=\"margin-top:0;margin-bottom:0;padding-top:var(--wp--preset--spacing--60);padding-bottom:var(--wp--preset--spacing--60)\">\n<div class=\"wp-block-columns alignwide is-layout-flex wp-container-core-columns-is-layout-74b2cda3 wp-block-columns-is-layout-flex\">\n<div class=\"wp-block-column is-layout-flow wp-block-column-is-layout-flow\">\n<div class=\"wp-block-group is-vertical is-content-justification-left is-layout-flex wp-container-core-group-is-layout-7ce391b6 wp-block-group-is-layout-flex\" style=\"min-height:100%\">\n<h2 class=\"wp-block-heading is-style-text-annotation has-x-small-font-size is-style-text-annotation--4\">Ce que disent les gens<\/h2>\n\n\n\n<blockquote class=\"wp-block-quote is-style-plain has-x-large-font-size is-layout-flow wp-container-core-quote-is-layout-5dafc681 wp-block-quote-is-layout-flow is-style-plain--5\" style=\"font-style:normal;font-weight:400\">\n<div class=\"wp-block-group has-global-padding is-content-justification-left is-layout-constrained wp-container-core-group-is-layout-085bd3d9 wp-block-group-is-layout-constrained\" style=\"margin-top:0;margin-bottom:0;padding-top:0;padding-right:0;padding-bottom:0;padding-left:0\">\n<p class=\"has-xx-large-font-size\">\u00ab\u00a0Un produit et un service client excellents !\u00a0\u00bb<\/p>\n<\/div>\n<cite><br>Jo Mulligan<sub>Atlanta, GA<\/sub><\/cite><\/blockquote>\n<\/div>\n<\/div>\n\n\n\n<div class=\"wp-block-column is-layout-flow wp-block-column-is-layout-flow\" style=\"padding-top:0;padding-right:0;padding-bottom:0;padding-left:0\">\n<figure class=\"wp-block-image size-large\"><img decoding=\"async\" src=\"https:\/\/redjebouw.nl\/wp-content\/themes\/twentytwentyfive\/assets\/images\/typewriter.webp\" alt=\"Photo d'une personne tapant sur une machine &#xE0; &#xE9;crire.\" style=\"aspect-ratio:1;object-fit:cover\"\/><\/figure>\n<\/div>\n<\/div>\n<\/div>\n\n<hr class=\"wp-block-separator has-text-color has-contrast-color has-alpha-channel-opacity has-contrast-background-color has-background\"\/>\n\n<p><\/p>\n","protected":false},"excerpt":{"rendered":"<p>Services Redjebouw.nl Comme des fleurs qui \u00e9closent dans des endroits inattendus, chaque histoire se d\u00e9ploie avec beaut\u00e9 et r\u00e9silience, r\u00e9v\u00e9lant des merveilles cach\u00e9es. Collecter Comme des fleurs qui \u00e9closent dans des endroits inattendus, chaque histoire se d\u00e9ploie avec beaut\u00e9 et r\u00e9silience Assembler Comme des fleurs qui \u00e9closent dans des endroits inattendus, chaque histoire se d\u00e9ploie [&hellip;]<\/p>\n","protected":false},"author":1,"featured_media":0,"parent":0,"menu_order":0,"comment_status":"closed","ping_status":"closed","template":"wp-custom-template-pw-template","meta":{"footnotes":""},"class_list":["post-548","page","type-page","status-publish","hentry"],"yoast_head":"<!-- This site is optimized with the Yoast SEO plugin v24.2 - https:\/\/yoast.com\/wordpress\/plugins\/seo\/ -->\n<title>Services - \u00a0RedJeBouw.nl<\/title>\n<meta name=\"robots\" content=\"index, follow, max-snippet:-1, max-image-preview:large, max-video-preview:-1\" \/>\n<link rel=\"canonical\" href=\"https:\/\/redjebouw.nl\/fr\/services\/\" \/>\n<meta property=\"og:locale\" content=\"fr_FR\" \/>\n<meta property=\"og:type\" content=\"article\" \/>\n<meta property=\"og:title\" content=\"Services - \u00a0RedJeBouw.nl\" \/>\n<meta property=\"og:description\" content=\"Services Redjebouw.nl Comme des fleurs qui \u00e9closent dans des endroits inattendus, chaque histoire se d\u00e9ploie avec beaut\u00e9 et r\u00e9silience, r\u00e9v\u00e9lant des merveilles cach\u00e9es. Collecter Comme des fleurs qui \u00e9closent dans des endroits inattendus, chaque histoire se d\u00e9ploie avec beaut\u00e9 et r\u00e9silience Assembler Comme des fleurs qui \u00e9closent dans des endroits inattendus, chaque histoire se d\u00e9ploie [&hellip;]\" \/>\n<meta property=\"og:url\" content=\"https:\/\/redjebouw.nl\/fr\/services\/\" \/>\n<meta property=\"og:site_name\" content=\"\u00a0RedJeBouw.nl\" \/>\n<meta property=\"article:modified_time\" content=\"2025-01-15T16:03:54+00:00\" \/>\n<meta property=\"og:image\" content=\"https:\/\/redjebouw.nl\/wp-content\/themes\/twentytwentyfive\/assets\/images\/campanula-alliariifolia-flower.webp\" \/>\n<meta name=\"twitter:card\" content=\"summary_large_image\" \/>\n<meta name=\"twitter:label1\" content=\"Dur\u00e9e de lecture estim\u00e9e\" \/>\n\t<meta name=\"twitter:data1\" content=\"1 minute\" \/>\n<script type=\"application\/ld+json\" class=\"yoast-schema-graph\">{\"@context\":\"https:\/\/schema.org\",\"@graph\":[{\"@type\":\"WebPage\",\"@id\":\"https:\/\/redjebouw.nl\/fr\/services\/\",\"url\":\"https:\/\/redjebouw.nl\/fr\/services\/\",\"name\":\"Services - \u00a0RedJeBouw.nl\",\"isPartOf\":{\"@id\":\"https:\/\/redjebouw.nl\/fr\/#website\"},\"primaryImageOfPage\":{\"@id\":\"https:\/\/redjebouw.nl\/fr\/services\/#primaryimage\"},\"image\":{\"@id\":\"https:\/\/redjebouw.nl\/fr\/services\/#primaryimage\"},\"thumbnailUrl\":\"https:\/\/redjebouw.nl\/wp-content\/themes\/twentytwentyfive\/assets\/images\/campanula-alliariifolia-flower.webp\",\"datePublished\":\"2025-01-14T17:13:38+00:00\",\"dateModified\":\"2025-01-15T16:03:54+00:00\",\"breadcrumb\":{\"@id\":\"https:\/\/redjebouw.nl\/fr\/services\/#breadcrumb\"},\"inLanguage\":\"fr-FR\",\"potentialAction\":[{\"@type\":\"ReadAction\",\"target\":[\"https:\/\/redjebouw.nl\/fr\/services\/\"]}]},{\"@type\":\"ImageObject\",\"inLanguage\":\"fr-FR\",\"@id\":\"https:\/\/redjebouw.nl\/fr\/services\/#primaryimage\",\"url\":\"https:\/\/redjebouw.nl\/wp-content\/themes\/twentytwentyfive\/assets\/images\/campanula-alliariifolia-flower.webp\",\"contentUrl\":\"https:\/\/redjebouw.nl\/wp-content\/themes\/twentytwentyfive\/assets\/images\/campanula-alliariifolia-flower.webp\"},{\"@type\":\"BreadcrumbList\",\"@id\":\"https:\/\/redjebouw.nl\/fr\/services\/#breadcrumb\",\"itemListElement\":[{\"@type\":\"ListItem\",\"position\":1,\"name\":\"Home\",\"item\":\"https:\/\/redjebouw.nl\/fr\/\"},{\"@type\":\"ListItem\",\"position\":2,\"name\":\"Services\"}]},{\"@type\":\"WebSite\",\"@id\":\"https:\/\/redjebouw.nl\/fr\/#website\",\"url\":\"https:\/\/redjebouw.nl\/fr\/\",\"name\":\"\u00a0RedJeBouw.nl\",\"description\":\"Bouwassistentie van A tot Z\",\"publisher\":{\"@id\":\"https:\/\/redjebouw.nl\/fr\/#organization\"},\"potentialAction\":[{\"@type\":\"SearchAction\",\"target\":{\"@type\":\"EntryPoint\",\"urlTemplate\":\"https:\/\/redjebouw.nl\/fr\/?s={search_term_string}\"},\"query-input\":{\"@type\":\"PropertyValueSpecification\",\"valueRequired\":true,\"valueName\":\"search_term_string\"}}],\"inLanguage\":\"fr-FR\"},{\"@type\":\"Organization\",\"@id\":\"https:\/\/redjebouw.nl\/fr\/#organization\",\"name\":\"\u00a0RedJeBouw.nl\",\"url\":\"https:\/\/redjebouw.nl\/fr\/\",\"logo\":{\"@type\":\"ImageObject\",\"inLanguage\":\"fr-FR\",\"@id\":\"https:\/\/redjebouw.nl\/fr\/#\/schema\/logo\/image\/\",\"url\":\"https:\/\/redjebouw.nl\/wp-content\/uploads\/2025\/01\/Logo-rjb.png\",\"contentUrl\":\"https:\/\/redjebouw.nl\/wp-content\/uploads\/2025\/01\/Logo-rjb.png\",\"width\":875,\"height\":114,\"caption\":\"\u00a0RedJeBouw.nl\"},\"image\":{\"@id\":\"https:\/\/redjebouw.nl\/fr\/#\/schema\/logo\/image\/\"}}]}<\/script>\n<!-- \/ Yoast SEO plugin. -->","yoast_head_json":{"title":"Services - \u00a0RedJeBouw.nl","robots":{"index":"index","follow":"follow","max-snippet":"max-snippet:-1","max-image-preview":"max-image-preview:large","max-video-preview":"max-video-preview:-1"},"canonical":"https:\/\/redjebouw.nl\/fr\/services\/","og_locale":"fr_FR","og_type":"article","og_title":"Services - \u00a0RedJeBouw.nl","og_description":"Services Redjebouw.nl Comme des fleurs qui \u00e9closent dans des endroits inattendus, chaque histoire se d\u00e9ploie avec beaut\u00e9 et r\u00e9silience, r\u00e9v\u00e9lant des merveilles cach\u00e9es. Collecter Comme des fleurs qui \u00e9closent dans des endroits inattendus, chaque histoire se d\u00e9ploie avec beaut\u00e9 et r\u00e9silience Assembler Comme des fleurs qui \u00e9closent dans des endroits inattendus, chaque histoire se d\u00e9ploie [&hellip;]","og_url":"https:\/\/redjebouw.nl\/fr\/services\/","og_site_name":"\u00a0RedJeBouw.nl","article_modified_time":"2025-01-15T16:03:54+00:00","og_image":[{"url":"https:\/\/redjebouw.nl\/wp-content\/themes\/twentytwentyfive\/assets\/images\/campanula-alliariifolia-flower.webp","type":"","width":"","height":""}],"twitter_card":"summary_large_image","twitter_misc":{"Dur\u00e9e de lecture estim\u00e9e":"1 minute"},"schema":{"@context":"https:\/\/schema.org","@graph":[{"@type":"WebPage","@id":"https:\/\/redjebouw.nl\/fr\/services\/","url":"https:\/\/redjebouw.nl\/fr\/services\/","name":"Services - \u00a0RedJeBouw.nl","isPartOf":{"@id":"https:\/\/redjebouw.nl\/fr\/#website"},"primaryImageOfPage":{"@id":"https:\/\/redjebouw.nl\/fr\/services\/#primaryimage"},"image":{"@id":"https:\/\/redjebouw.nl\/fr\/services\/#primaryimage"},"thumbnailUrl":"https:\/\/redjebouw.nl\/wp-content\/themes\/twentytwentyfive\/assets\/images\/campanula-alliariifolia-flower.webp","datePublished":"2025-01-14T17:13:38+00:00","dateModified":"2025-01-15T16:03:54+00:00","breadcrumb":{"@id":"https:\/\/redjebouw.nl\/fr\/services\/#breadcrumb"},"inLanguage":"fr-FR","potentialAction":[{"@type":"ReadAction","target":["https:\/\/redjebouw.nl\/fr\/services\/"]}]},{"@type":"ImageObject","inLanguage":"fr-FR","@id":"https:\/\/redjebouw.nl\/fr\/services\/#primaryimage","url":"https:\/\/redjebouw.nl\/wp-content\/themes\/twentytwentyfive\/assets\/images\/campanula-alliariifolia-flower.webp","contentUrl":"https:\/\/redjebouw.nl\/wp-content\/themes\/twentytwentyfive\/assets\/images\/campanula-alliariifolia-flower.webp"},{"@type":"BreadcrumbList","@id":"https:\/\/redjebouw.nl\/fr\/services\/#breadcrumb","itemListElement":[{"@type":"ListItem","position":1,"name":"Home","item":"https:\/\/redjebouw.nl\/fr\/"},{"@type":"ListItem","position":2,"name":"Services"}]},{"@type":"WebSite","@id":"https:\/\/redjebouw.nl\/fr\/#website","url":"https:\/\/redjebouw.nl\/fr\/","name":"\u00a0RedJeBouw.nl","description":"Bouwassistentie van A tot Z","publisher":{"@id":"https:\/\/redjebouw.nl\/fr\/#organization"},"potentialAction":[{"@type":"SearchAction","target":{"@type":"EntryPoint","urlTemplate":"https:\/\/redjebouw.nl\/fr\/?s={search_term_string}"},"query-input":{"@type":"PropertyValueSpecification","valueRequired":true,"valueName":"search_term_string"}}],"inLanguage":"fr-FR"},{"@type":"Organization","@id":"https:\/\/redjebouw.nl\/fr\/#organization","name":"\u00a0RedJeBouw.nl","url":"https:\/\/redjebouw.nl\/fr\/","logo":{"@type":"ImageObject","inLanguage":"fr-FR","@id":"https:\/\/redjebouw.nl\/fr\/#\/schema\/logo\/image\/","url":"https:\/\/redjebouw.nl\/wp-content\/uploads\/2025\/01\/Logo-rjb.png","contentUrl":"https:\/\/redjebouw.nl\/wp-content\/uploads\/2025\/01\/Logo-rjb.png","width":875,"height":114,"caption":"\u00a0RedJeBouw.nl"},"image":{"@id":"https:\/\/redjebouw.nl\/fr\/#\/schema\/logo\/image\/"}}]}},"_links":{"self":[{"href":"https:\/\/redjebouw.nl\/fr\/wp-json\/wp\/v2\/pages\/548","targetHints":{"allow":["GET"]}}],"collection":[{"href":"https:\/\/redjebouw.nl\/fr\/wp-json\/wp\/v2\/pages"}],"about":[{"href":"https:\/\/redjebouw.nl\/fr\/wp-json\/wp\/v2\/types\/page"}],"author":[{"embeddable":true,"href":"https:\/\/redjebouw.nl\/fr\/wp-json\/wp\/v2\/users\/1"}],"replies":[{"embeddable":true,"href":"https:\/\/redjebouw.nl\/fr\/wp-json\/wp\/v2\/comments?post=548"}],"version-history":[{"count":6,"href":"https:\/\/redjebouw.nl\/fr\/wp-json\/wp\/v2\/pages\/548\/revisions"}],"predecessor-version":[{"id":623,"href":"https:\/\/redjebouw.nl\/fr\/wp-json\/wp\/v2\/pages\/548\/revisions\/623"}],"wp:attachment":[{"href":"https:\/\/redjebouw.nl\/fr\/wp-json\/wp\/v2\/media?parent=548"}],"curies":[{"name":"wp","href":"https:\/\/api.w.org\/{rel}","templated":true}]}}