{"id":424,"date":"2025-01-14T16:37:16","date_gmt":"2025-01-14T16:37:16","guid":{"rendered":"https:\/\/redjebouw.nl\/ressortissants-neerlandais-a-letranger\/"},"modified":"2025-01-15T16:09:02","modified_gmt":"2025-01-15T16:09:02","slug":"ressortissants-neerlandais-a-letranger","status":"publish","type":"page","link":"https:\/\/redjebouw.nl\/fr\/services\/ressortissants-neerlandais-a-letranger\/","title":{"rendered":"Questions juridiques li\u00e9es \u00e0 la construction"},"content":{"rendered":"\n<div style=\"height:100px\" aria-hidden=\"true\" class=\"wp-block-spacer\"><\/div>\n<h1 class=\"has-text-align-center wp-block-post-title\">Questions juridiques li\u00e9es \u00e0 la construction<\/h1>\n<p class=\"has-text-align-center\">Probl\u00e8mes juridiques li\u00e9s \u00e0 la r\u00e9novation de votre maison ou \u00e0 votre projet ?<\/p>\n\n<div style=\"height:30px\" aria-hidden=\"true\" class=\"wp-block-spacer\"><\/div>\n\n<div class=\"wp-block-group alignfull has-global-padding is-layout-constrained wp-block-group-is-layout-constrained\" style=\"margin-top:0;margin-bottom:0;padding-top:var(--wp--preset--spacing--60);padding-bottom:var(--wp--preset--spacing--60)\">\n<div class=\"wp-block-columns alignwide is-layout-flex wp-container-core-columns-is-layout-28f84493 wp-block-columns-is-layout-flex\">\n<div class=\"wp-block-column is-layout-flow wp-block-column-is-layout-flow\">\n<h2 class=\"wp-block-heading\">Les conflits concernant les permis, les contrats ou la qualit\u00e9 de la construction peuvent s\u00e9rieusement retarder votre projet.  <\/h2>\n\n\n\n<p><br\/>Nos experts juridiques sont pr\u00eats \u00e0 vous aider par des conseils professionnels et par la m\u00e9diation. Nous r\u00e9solvons les probl\u00e8mes juridiques rapidement et efficacement afin que vous puissiez continuer \u00e0 construire.   <\/p>\n<\/div>\n\n\n\n<div class=\"wp-block-column is-layout-flow wp-block-column-is-layout-flow\">\n<div class=\"wp-block-group is-layout-grid wp-container-core-group-is-layout-b757edec wp-block-group-is-layout-grid\">\n<figure class=\"wp-block-image size-full\"><img decoding=\"async\" src=\"https:\/\/redjebouw.nl\/wp-content\/themes\/twentytwentyfive\/assets\/images\/woman-splashing-water.webp\" alt=\"Femme sur la plage, &#xE9;claboussant l'eau.\" style=\"aspect-ratio:1;object-fit:cover\"\/><\/figure>\n\n\n\n<figure class=\"wp-block-image size-full\"><img decoding=\"async\" src=\"https:\/\/redjebouw.nl\/wp-content\/themes\/twentytwentyfive\/assets\/images\/nurse.webp\" alt=\"Portrait d'une infirmi&#xE8;re\" style=\"aspect-ratio:1;object-fit:cover\"\/><\/figure>\n\n\n\n<figure class=\"wp-block-image size-full\"><img decoding=\"async\" src=\"https:\/\/redjebouw.nl\/wp-content\/themes\/twentytwentyfive\/assets\/images\/typewriter.webp\" alt=\"Photo d'une personne tapant sur une machine &#xE0; &#xE9;crire.\" style=\"aspect-ratio:1;object-fit:cover\"\/><\/figure>\n\n\n\n<figure class=\"wp-block-image size-full\"><img decoding=\"async\" src=\"https:\/\/redjebouw.nl\/wp-content\/themes\/twentytwentyfive\/assets\/images\/man-in-hat.webp\" alt=\"Homme avec un chapeau, debout devant un b&#xE2;timent.\" style=\"aspect-ratio:1;object-fit:cover\"\/><\/figure>\n<\/div>\n<\/div>\n<\/div>\n<\/div>\n\n<div class=\"wp-block-group has-global-padding is-layout-constrained wp-block-group-is-layout-constrained\">\n<h2 class=\"wp-block-heading has-text-align-center\">Contactez nous<\/h2>\n\n\n\n<p class=\"has-text-align-center\">Un sp\u00e9cialiste vous contactera dans les 24 heures pour vous aider \u00e0 r\u00e9soudre votre question ou votre probl\u00e8me.<\/p>\n\n\n\n<div class=\"wp-block-group has-global-padding is-layout-constrained wp-container-core-group-is-layout-bea02a06 wp-block-group-is-layout-constrained\">\n<div class=\"wp-block-contact-form-7-contact-form-selector\">\n<div class=\"wpcf7 no-js\" id=\"wpcf7-f252-o1\" lang=\"fr-FR\" dir=\"ltr\" data-wpcf7-id=\"252\">\n<div class=\"screen-reader-response\"><p role=\"status\" aria-live=\"polite\" aria-atomic=\"true\"><\/p> <ul><\/ul><\/div>\n<form action=\"\/fr\/wp-json\/wp\/v2\/pages\/424#wpcf7-f252-o1\" method=\"post\" class=\"wpcf7-form init\" aria-label=\"Formulaire de contact\" novalidate=\"novalidate\" data-status=\"init\">\n<div style=\"display: none;\">\n<input type=\"hidden\" name=\"_wpcf7\" value=\"252\" \/>\n<input type=\"hidden\" name=\"_wpcf7_version\" value=\"6.0.3\" \/>\n<input type=\"hidden\" name=\"_wpcf7_locale\" value=\"fr_FR\" \/>\n<input type=\"hidden\" name=\"_wpcf7_unit_tag\" value=\"wpcf7-f252-o1\" \/>\n<input type=\"hidden\" name=\"_wpcf7_container_post\" value=\"0\" \/>\n<input type=\"hidden\" name=\"_wpcf7_posted_data_hash\" value=\"\" \/>\n<\/div>\n<p><label> Votre nom<br \/>\n<span class=\"wpcf7-form-control-wrap\" data-name=\"your-name\"><input size=\"40\" maxlength=\"400\" class=\"wpcf7-form-control wpcf7-text wpcf7-validates-as-required\" autocomplete=\"name\" aria-required=\"true\" aria-invalid=\"false\" value=\"\" type=\"text\" name=\"your-name\" \/><\/span> <\/label>\n<\/p>\n<p><label> Votre adresse \u00e9lectronique<br \/>\n<span class=\"wpcf7-form-control-wrap\" data-name=\"your-email\"><input size=\"40\" maxlength=\"400\" class=\"wpcf7-form-control wpcf7-email wpcf7-validates-as-required wpcf7-text wpcf7-validates-as-email\" autocomplete=\"email\" aria-required=\"true\" aria-invalid=\"false\" value=\"\" type=\"email\" name=\"your-email\" \/><\/span> <\/label>\n<\/p>\n<p><label> Votre num\u00e9ro de t\u00e9l\u00e9phone<br \/>\n<span class=\"wpcf7-form-control-wrap\" data-name=\"tel-563\"><input size=\"40\" maxlength=\"400\" class=\"wpcf7-form-control wpcf7-tel wpcf7-validates-as-required wpcf7-text wpcf7-validates-as-tel\" aria-required=\"true\" aria-invalid=\"false\" value=\"\" type=\"tel\" name=\"tel-563\" \/><\/span> <\/label>\n<\/p>\n<p><label> D\u00e9crivez votre probl\u00e8me ou votre demande en 3 phrases maximum.<br \/>\n<span class=\"wpcf7-form-control-wrap\" data-name=\"your-message\"><textarea cols=\"40\" rows=\"10\" maxlength=\"2000\" class=\"wpcf7-form-control wpcf7-textarea wpcf7-validates-as-required\" aria-required=\"true\" aria-invalid=\"false\" name=\"your-message\"><\/textarea><\/span> <\/label>\n<\/p>\n<p><input class=\"wpcf7-form-control wpcf7-submit has-spinner\" type=\"submit\" value=\"Exp\u00e9dition\" \/>\n<\/p><div class=\"wpcf7-response-output\" aria-hidden=\"true\"><\/div>\n<\/form>\n<\/div>\n<\/div>\n<\/div>\n<\/div>\n","protected":false},"excerpt":{"rendered":"<p>Probl\u00e8mes juridiques li\u00e9s \u00e0 la r\u00e9novation de votre maison ou \u00e0 votre projet ? Les conflits concernant les permis, les contrats ou la qualit\u00e9 de la construction peuvent s\u00e9rieusement retarder votre projet. Nos experts juridiques sont pr\u00eats \u00e0 vous aider par des conseils professionnels et par la m\u00e9diation. Nous r\u00e9solvons les probl\u00e8mes juridiques rapidement et [&hellip;]<\/p>\n","protected":false},"author":1,"featured_media":0,"parent":548,"menu_order":0,"comment_status":"closed","ping_status":"closed","template":"wp-custom-template-pw-template","meta":{"footnotes":""},"class_list":["post-424","page","type-page","status-publish","hentry"],"yoast_head":"<!-- This site is optimized with the Yoast SEO plugin v24.2 - https:\/\/yoast.com\/wordpress\/plugins\/seo\/ -->\n<title>Questions juridiques li\u00e9es \u00e0 la construction - \u00a0RedJeBouw.nl<\/title>\n<meta name=\"robots\" content=\"index, follow, max-snippet:-1, max-image-preview:large, max-video-preview:-1\" \/>\n<link rel=\"canonical\" href=\"https:\/\/redjebouw.nl\/fr\/services\/ressortissants-neerlandais-a-letranger\/\" \/>\n<meta property=\"og:locale\" content=\"fr_FR\" \/>\n<meta property=\"og:type\" content=\"article\" \/>\n<meta property=\"og:title\" content=\"Questions juridiques li\u00e9es \u00e0 la construction - \u00a0RedJeBouw.nl\" \/>\n<meta property=\"og:description\" content=\"Probl\u00e8mes juridiques li\u00e9s \u00e0 la r\u00e9novation de votre maison ou \u00e0 votre projet ? Les conflits concernant les permis, les contrats ou la qualit\u00e9 de la construction peuvent s\u00e9rieusement retarder votre projet. Nos experts juridiques sont pr\u00eats \u00e0 vous aider par des conseils professionnels et par la m\u00e9diation. Nous r\u00e9solvons les probl\u00e8mes juridiques rapidement et [&hellip;]\" \/>\n<meta property=\"og:url\" content=\"https:\/\/redjebouw.nl\/fr\/services\/ressortissants-neerlandais-a-letranger\/\" \/>\n<meta property=\"og:site_name\" content=\"\u00a0RedJeBouw.nl\" \/>\n<meta property=\"article:modified_time\" content=\"2025-01-15T16:09:02+00:00\" \/>\n<meta property=\"og:image\" content=\"https:\/\/redjebouw.nl\/wp-content\/themes\/twentytwentyfive\/assets\/images\/woman-splashing-water.webp\" \/>\n<meta name=\"twitter:card\" content=\"summary_large_image\" \/>\n<script type=\"application\/ld+json\" class=\"yoast-schema-graph\">{\"@context\":\"https:\/\/schema.org\",\"@graph\":[{\"@type\":\"WebPage\",\"@id\":\"https:\/\/redjebouw.nl\/fr\/services\/ressortissants-neerlandais-a-letranger\/\",\"url\":\"https:\/\/redjebouw.nl\/fr\/services\/ressortissants-neerlandais-a-letranger\/\",\"name\":\"Questions juridiques li\u00e9es \u00e0 la construction - \u00a0RedJeBouw.nl\",\"isPartOf\":{\"@id\":\"https:\/\/redjebouw.nl\/fr\/#website\"},\"primaryImageOfPage\":{\"@id\":\"https:\/\/redjebouw.nl\/fr\/services\/ressortissants-neerlandais-a-letranger\/#primaryimage\"},\"image\":{\"@id\":\"https:\/\/redjebouw.nl\/fr\/services\/ressortissants-neerlandais-a-letranger\/#primaryimage\"},\"thumbnailUrl\":\"https:\/\/redjebouw.nl\/wp-content\/themes\/twentytwentyfive\/assets\/images\/woman-splashing-water.webp\",\"datePublished\":\"2025-01-14T16:37:16+00:00\",\"dateModified\":\"2025-01-15T16:09:02+00:00\",\"breadcrumb\":{\"@id\":\"https:\/\/redjebouw.nl\/fr\/services\/ressortissants-neerlandais-a-letranger\/#breadcrumb\"},\"inLanguage\":\"fr-FR\",\"potentialAction\":[{\"@type\":\"ReadAction\",\"target\":[\"https:\/\/redjebouw.nl\/fr\/services\/ressortissants-neerlandais-a-letranger\/\"]}]},{\"@type\":\"ImageObject\",\"inLanguage\":\"fr-FR\",\"@id\":\"https:\/\/redjebouw.nl\/fr\/services\/ressortissants-neerlandais-a-letranger\/#primaryimage\",\"url\":\"https:\/\/redjebouw.nl\/wp-content\/themes\/twentytwentyfive\/assets\/images\/woman-splashing-water.webp\",\"contentUrl\":\"https:\/\/redjebouw.nl\/wp-content\/themes\/twentytwentyfive\/assets\/images\/woman-splashing-water.webp\"},{\"@type\":\"BreadcrumbList\",\"@id\":\"https:\/\/redjebouw.nl\/fr\/services\/ressortissants-neerlandais-a-letranger\/#breadcrumb\",\"itemListElement\":[{\"@type\":\"ListItem\",\"position\":1,\"name\":\"Home\",\"item\":\"https:\/\/redjebouw.nl\/fr\/\"},{\"@type\":\"ListItem\",\"position\":2,\"name\":\"Services\",\"item\":\"https:\/\/redjebouw.nl\/fr\/services\/\"},{\"@type\":\"ListItem\",\"position\":3,\"name\":\"Questions juridiques li\u00e9es \u00e0 la construction\"}]},{\"@type\":\"WebSite\",\"@id\":\"https:\/\/redjebouw.nl\/fr\/#website\",\"url\":\"https:\/\/redjebouw.nl\/fr\/\",\"name\":\"\u00a0RedJeBouw.nl\",\"description\":\"Bouwassistentie van A tot Z\",\"publisher\":{\"@id\":\"https:\/\/redjebouw.nl\/fr\/#organization\"},\"potentialAction\":[{\"@type\":\"SearchAction\",\"target\":{\"@type\":\"EntryPoint\",\"urlTemplate\":\"https:\/\/redjebouw.nl\/fr\/?s={search_term_string}\"},\"query-input\":{\"@type\":\"PropertyValueSpecification\",\"valueRequired\":true,\"valueName\":\"search_term_string\"}}],\"inLanguage\":\"fr-FR\"},{\"@type\":\"Organization\",\"@id\":\"https:\/\/redjebouw.nl\/fr\/#organization\",\"name\":\"\u00a0RedJeBouw.nl\",\"url\":\"https:\/\/redjebouw.nl\/fr\/\",\"logo\":{\"@type\":\"ImageObject\",\"inLanguage\":\"fr-FR\",\"@id\":\"https:\/\/redjebouw.nl\/fr\/#\/schema\/logo\/image\/\",\"url\":\"https:\/\/redjebouw.nl\/wp-content\/uploads\/2025\/01\/Logo-rjb.png\",\"contentUrl\":\"https:\/\/redjebouw.nl\/wp-content\/uploads\/2025\/01\/Logo-rjb.png\",\"width\":875,\"height\":114,\"caption\":\"\u00a0RedJeBouw.nl\"},\"image\":{\"@id\":\"https:\/\/redjebouw.nl\/fr\/#\/schema\/logo\/image\/\"}}]}<\/script>\n<!-- \/ Yoast SEO plugin. -->","yoast_head_json":{"title":"Questions juridiques li\u00e9es \u00e0 la construction - \u00a0RedJeBouw.nl","robots":{"index":"index","follow":"follow","max-snippet":"max-snippet:-1","max-image-preview":"max-image-preview:large","max-video-preview":"max-video-preview:-1"},"canonical":"https:\/\/redjebouw.nl\/fr\/services\/ressortissants-neerlandais-a-letranger\/","og_locale":"fr_FR","og_type":"article","og_title":"Questions juridiques li\u00e9es \u00e0 la construction - \u00a0RedJeBouw.nl","og_description":"Probl\u00e8mes juridiques li\u00e9s \u00e0 la r\u00e9novation de votre maison ou \u00e0 votre projet ? Les conflits concernant les permis, les contrats ou la qualit\u00e9 de la construction peuvent s\u00e9rieusement retarder votre projet. Nos experts juridiques sont pr\u00eats \u00e0 vous aider par des conseils professionnels et par la m\u00e9diation. Nous r\u00e9solvons les probl\u00e8mes juridiques rapidement et [&hellip;]","og_url":"https:\/\/redjebouw.nl\/fr\/services\/ressortissants-neerlandais-a-letranger\/","og_site_name":"\u00a0RedJeBouw.nl","article_modified_time":"2025-01-15T16:09:02+00:00","og_image":[{"url":"https:\/\/redjebouw.nl\/wp-content\/themes\/twentytwentyfive\/assets\/images\/woman-splashing-water.webp","type":"","width":"","height":""}],"twitter_card":"summary_large_image","schema":{"@context":"https:\/\/schema.org","@graph":[{"@type":"WebPage","@id":"https:\/\/redjebouw.nl\/fr\/services\/ressortissants-neerlandais-a-letranger\/","url":"https:\/\/redjebouw.nl\/fr\/services\/ressortissants-neerlandais-a-letranger\/","name":"Questions juridiques li\u00e9es \u00e0 la construction - \u00a0RedJeBouw.nl","isPartOf":{"@id":"https:\/\/redjebouw.nl\/fr\/#website"},"primaryImageOfPage":{"@id":"https:\/\/redjebouw.nl\/fr\/services\/ressortissants-neerlandais-a-letranger\/#primaryimage"},"image":{"@id":"https:\/\/redjebouw.nl\/fr\/services\/ressortissants-neerlandais-a-letranger\/#primaryimage"},"thumbnailUrl":"https:\/\/redjebouw.nl\/wp-content\/themes\/twentytwentyfive\/assets\/images\/woman-splashing-water.webp","datePublished":"2025-01-14T16:37:16+00:00","dateModified":"2025-01-15T16:09:02+00:00","breadcrumb":{"@id":"https:\/\/redjebouw.nl\/fr\/services\/ressortissants-neerlandais-a-letranger\/#breadcrumb"},"inLanguage":"fr-FR","potentialAction":[{"@type":"ReadAction","target":["https:\/\/redjebouw.nl\/fr\/services\/ressortissants-neerlandais-a-letranger\/"]}]},{"@type":"ImageObject","inLanguage":"fr-FR","@id":"https:\/\/redjebouw.nl\/fr\/services\/ressortissants-neerlandais-a-letranger\/#primaryimage","url":"https:\/\/redjebouw.nl\/wp-content\/themes\/twentytwentyfive\/assets\/images\/woman-splashing-water.webp","contentUrl":"https:\/\/redjebouw.nl\/wp-content\/themes\/twentytwentyfive\/assets\/images\/woman-splashing-water.webp"},{"@type":"BreadcrumbList","@id":"https:\/\/redjebouw.nl\/fr\/services\/ressortissants-neerlandais-a-letranger\/#breadcrumb","itemListElement":[{"@type":"ListItem","position":1,"name":"Home","item":"https:\/\/redjebouw.nl\/fr\/"},{"@type":"ListItem","position":2,"name":"Services","item":"https:\/\/redjebouw.nl\/fr\/services\/"},{"@type":"ListItem","position":3,"name":"Questions juridiques li\u00e9es \u00e0 la construction"}]},{"@type":"WebSite","@id":"https:\/\/redjebouw.nl\/fr\/#website","url":"https:\/\/redjebouw.nl\/fr\/","name":"\u00a0RedJeBouw.nl","description":"Bouwassistentie van A tot Z","publisher":{"@id":"https:\/\/redjebouw.nl\/fr\/#organization"},"potentialAction":[{"@type":"SearchAction","target":{"@type":"EntryPoint","urlTemplate":"https:\/\/redjebouw.nl\/fr\/?s={search_term_string}"},"query-input":{"@type":"PropertyValueSpecification","valueRequired":true,"valueName":"search_term_string"}}],"inLanguage":"fr-FR"},{"@type":"Organization","@id":"https:\/\/redjebouw.nl\/fr\/#organization","name":"\u00a0RedJeBouw.nl","url":"https:\/\/redjebouw.nl\/fr\/","logo":{"@type":"ImageObject","inLanguage":"fr-FR","@id":"https:\/\/redjebouw.nl\/fr\/#\/schema\/logo\/image\/","url":"https:\/\/redjebouw.nl\/wp-content\/uploads\/2025\/01\/Logo-rjb.png","contentUrl":"https:\/\/redjebouw.nl\/wp-content\/uploads\/2025\/01\/Logo-rjb.png","width":875,"height":114,"caption":"\u00a0RedJeBouw.nl"},"image":{"@id":"https:\/\/redjebouw.nl\/fr\/#\/schema\/logo\/image\/"}}]}},"_links":{"self":[{"href":"https:\/\/redjebouw.nl\/fr\/wp-json\/wp\/v2\/pages\/424","targetHints":{"allow":["GET"]}}],"collection":[{"href":"https:\/\/redjebouw.nl\/fr\/wp-json\/wp\/v2\/pages"}],"about":[{"href":"https:\/\/redjebouw.nl\/fr\/wp-json\/wp\/v2\/types\/page"}],"author":[{"embeddable":true,"href":"https:\/\/redjebouw.nl\/fr\/wp-json\/wp\/v2\/users\/1"}],"replies":[{"embeddable":true,"href":"https:\/\/redjebouw.nl\/fr\/wp-json\/wp\/v2\/comments?post=424"}],"version-history":[{"count":12,"href":"https:\/\/redjebouw.nl\/fr\/wp-json\/wp\/v2\/pages\/424\/revisions"}],"predecessor-version":[{"id":662,"href":"https:\/\/redjebouw.nl\/fr\/wp-json\/wp\/v2\/pages\/424\/revisions\/662"}],"up":[{"embeddable":true,"href":"https:\/\/redjebouw.nl\/fr\/wp-json\/wp\/v2\/pages\/548"}],"wp:attachment":[{"href":"https:\/\/redjebouw.nl\/fr\/wp-json\/wp\/v2\/media?parent=424"}],"curies":[{"name":"wp","href":"https:\/\/api.w.org\/{rel}","templated":true}]}}