{"id":422,"date":"2025-01-14T16:37:16","date_gmt":"2025-01-14T16:37:16","guid":{"rendered":"https:\/\/redjebouw.nl\/neerlandeses-en-el-extranjero\/"},"modified":"2025-01-15T16:09:02","modified_gmt":"2025-01-15T16:09:02","slug":"neerlandeses-en-el-extranjero","status":"publish","type":"page","link":"https:\/\/redjebouw.nl\/es\/servicios\/neerlandeses-en-el-extranjero\/","title":{"rendered":"Cuestiones jur\u00eddicas de la construcci\u00f3n"},"content":{"rendered":"\n<div style=\"height:100px\" aria-hidden=\"true\" class=\"wp-block-spacer\"><\/div>\n<h1 class=\"has-text-align-center wp-block-post-title\">Cuestiones jur\u00eddicas de la construcci\u00f3n<\/h1>\n<p class=\"has-text-align-center\">\u00bfProblemas legales con la remodelaci\u00f3n o el proyecto de tu casa?<\/p>\n\n<div style=\"height:30px\" aria-hidden=\"true\" class=\"wp-block-spacer\"><\/div>\n\n<div class=\"wp-block-group alignfull has-global-padding is-layout-constrained wp-block-group-is-layout-constrained\" style=\"margin-top:0;margin-bottom:0;padding-top:var(--wp--preset--spacing--60);padding-bottom:var(--wp--preset--spacing--60)\">\n<div class=\"wp-block-columns alignwide is-layout-flex wp-container-core-columns-is-layout-28f84493 wp-block-columns-is-layout-flex\">\n<div class=\"wp-block-column is-layout-flow wp-block-column-is-layout-flow\">\n<h2 class=\"wp-block-heading\">Los conflictos sobre permisos, contratos o calidad de la construcci\u00f3n pueden retrasar seriamente tu proyecto.  <\/h2>\n\n\n\n<p><br\/>Nuestros expertos jur\u00eddicos est\u00e1n dispuestos a ayudarte con asesoramiento profesional y mediaci\u00f3n. Resolvemos los asuntos legales con rapidez y eficacia para que puedas seguir construyendo.   <\/p>\n<\/div>\n\n\n\n<div class=\"wp-block-column is-layout-flow wp-block-column-is-layout-flow\">\n<div class=\"wp-block-group is-layout-grid wp-container-core-group-is-layout-b757edec wp-block-group-is-layout-grid\">\n<figure class=\"wp-block-image size-full\"><img decoding=\"async\" src=\"https:\/\/redjebouw.nl\/wp-content\/themes\/twentytwentyfive\/assets\/images\/woman-splashing-water.webp\" alt=\"Mujer en la playa, chapoteando en el agua.\" style=\"aspect-ratio:1;object-fit:cover\"\/><\/figure>\n\n\n\n<figure class=\"wp-block-image size-full\"><img decoding=\"async\" src=\"https:\/\/redjebouw.nl\/wp-content\/themes\/twentytwentyfive\/assets\/images\/nurse.webp\" alt=\"Retrato de una enfermera\" style=\"aspect-ratio:1;object-fit:cover\"\/><\/figure>\n\n\n\n<figure class=\"wp-block-image size-full\"><img decoding=\"async\" src=\"https:\/\/redjebouw.nl\/wp-content\/themes\/twentytwentyfive\/assets\/images\/typewriter.webp\" alt=\"Foto de una persona tecleando en una m&#xE1;quina de escribir.\" style=\"aspect-ratio:1;object-fit:cover\"\/><\/figure>\n\n\n\n<figure class=\"wp-block-image size-full\"><img decoding=\"async\" src=\"https:\/\/redjebouw.nl\/wp-content\/themes\/twentytwentyfive\/assets\/images\/man-in-hat.webp\" alt=\"Hombre con sombrero, de pie delante de un edificio.\" style=\"aspect-ratio:1;object-fit:cover\"\/><\/figure>\n<\/div>\n<\/div>\n<\/div>\n<\/div>\n\n<div class=\"wp-block-group has-global-padding is-layout-constrained wp-block-group-is-layout-constrained\">\n<h2 class=\"wp-block-heading has-text-align-center\">Contacta con nosotros<\/h2>\n\n\n\n<p class=\"has-text-align-center\">Un especialista se pondr\u00e1 en contacto contigo en un plazo de 24 horas para ayudarte con tu pregunta o problema.<\/p>\n\n\n\n<div class=\"wp-block-group has-global-padding is-layout-constrained wp-container-core-group-is-layout-bea02a06 wp-block-group-is-layout-constrained\">\n<div class=\"wp-block-contact-form-7-contact-form-selector\">\n<div class=\"wpcf7 no-js\" id=\"wpcf7-f251-o1\" lang=\"es-ES\" dir=\"ltr\" data-wpcf7-id=\"251\">\n<div class=\"screen-reader-response\"><p role=\"status\" aria-live=\"polite\" aria-atomic=\"true\"><\/p> <ul><\/ul><\/div>\n<form action=\"\/es\/wp-json\/wp\/v2\/pages\/422#wpcf7-f251-o1\" method=\"post\" class=\"wpcf7-form init\" aria-label=\"Formulario de contacto\" novalidate=\"novalidate\" data-status=\"init\">\n<div style=\"display: none;\">\n<input type=\"hidden\" name=\"_wpcf7\" value=\"251\" \/>\n<input type=\"hidden\" name=\"_wpcf7_version\" value=\"6.0.3\" \/>\n<input type=\"hidden\" name=\"_wpcf7_locale\" value=\"es_ES\" \/>\n<input type=\"hidden\" name=\"_wpcf7_unit_tag\" value=\"wpcf7-f251-o1\" \/>\n<input type=\"hidden\" name=\"_wpcf7_container_post\" value=\"0\" \/>\n<input type=\"hidden\" name=\"_wpcf7_posted_data_hash\" value=\"\" \/>\n<\/div>\n<p><label> Tu nombre<br \/>\n<span class=\"wpcf7-form-control-wrap\" data-name=\"your-name\"><input size=\"40\" maxlength=\"400\" class=\"wpcf7-form-control wpcf7-text wpcf7-validates-as-required\" autocomplete=\"name\" aria-required=\"true\" aria-invalid=\"false\" value=\"\" type=\"text\" name=\"your-name\" \/><\/span> <\/label>\n<\/p>\n<p><label> Tu direcci\u00f3n de correo electr\u00f3nico<br \/>\n<span class=\"wpcf7-form-control-wrap\" data-name=\"your-email\"><input size=\"40\" maxlength=\"400\" class=\"wpcf7-form-control wpcf7-email wpcf7-validates-as-required wpcf7-text wpcf7-validates-as-email\" autocomplete=\"email\" aria-required=\"true\" aria-invalid=\"false\" value=\"\" type=\"email\" name=\"your-email\" \/><\/span> <\/label>\n<\/p>\n<p><label> Tu n\u00famero de tel\u00e9fono<br \/>\n<span class=\"wpcf7-form-control-wrap\" data-name=\"tel-563\"><input size=\"40\" maxlength=\"400\" class=\"wpcf7-form-control wpcf7-tel wpcf7-validates-as-required wpcf7-text wpcf7-validates-as-tel\" aria-required=\"true\" aria-invalid=\"false\" value=\"\" type=\"tel\" name=\"tel-563\" \/><\/span> <\/label>\n<\/p>\n<p><label> Describe tu problema o petici\u00f3n en un m\u00e1ximo de 3 frases.<br \/>\n<span class=\"wpcf7-form-control-wrap\" data-name=\"your-message\"><textarea cols=\"40\" rows=\"10\" maxlength=\"2000\" class=\"wpcf7-form-control wpcf7-textarea wpcf7-validates-as-required\" aria-required=\"true\" aria-invalid=\"false\" name=\"your-message\"><\/textarea><\/span> <\/label>\n<\/p>\n<p><input class=\"wpcf7-form-control wpcf7-submit has-spinner\" type=\"submit\" value=\"Env\u00edo\" \/>\n<\/p><div class=\"wpcf7-response-output\" aria-hidden=\"true\"><\/div>\n<\/form>\n<\/div>\n<\/div>\n<\/div>\n<\/div>\n","protected":false},"excerpt":{"rendered":"<p>\u00bfProblemas legales con la remodelaci\u00f3n o el proyecto de tu casa? Los conflictos sobre permisos, contratos o calidad de la construcci\u00f3n pueden retrasar seriamente tu proyecto. Nuestros expertos jur\u00eddicos est\u00e1n dispuestos a ayudarte con asesoramiento profesional y mediaci\u00f3n. Resolvemos los asuntos legales con rapidez y eficacia para que puedas seguir construyendo. Contacta con nosotros Un [&hellip;]<\/p>\n","protected":false},"author":1,"featured_media":0,"parent":546,"menu_order":0,"comment_status":"closed","ping_status":"closed","template":"wp-custom-template-pw-template","meta":{"footnotes":""},"class_list":["post-422","page","type-page","status-publish","hentry"],"yoast_head":"<!-- This site is optimized with the Yoast SEO plugin v24.2 - https:\/\/yoast.com\/wordpress\/plugins\/seo\/ -->\n<title>Cuestiones jur\u00eddicas de la construcci\u00f3n - \u00a0RedJeBouw.nl<\/title>\n<meta name=\"robots\" content=\"index, follow, max-snippet:-1, max-image-preview:large, max-video-preview:-1\" \/>\n<link rel=\"canonical\" href=\"https:\/\/redjebouw.nl\/es\/servicios\/neerlandeses-en-el-extranjero\/\" \/>\n<meta property=\"og:locale\" content=\"es_ES\" \/>\n<meta property=\"og:type\" content=\"article\" \/>\n<meta property=\"og:title\" content=\"Cuestiones jur\u00eddicas de la construcci\u00f3n - \u00a0RedJeBouw.nl\" \/>\n<meta property=\"og:description\" content=\"\u00bfProblemas legales con la remodelaci\u00f3n o el proyecto de tu casa? Los conflictos sobre permisos, contratos o calidad de la construcci\u00f3n pueden retrasar seriamente tu proyecto. Nuestros expertos jur\u00eddicos est\u00e1n dispuestos a ayudarte con asesoramiento profesional y mediaci\u00f3n. Resolvemos los asuntos legales con rapidez y eficacia para que puedas seguir construyendo. Contacta con nosotros Un [&hellip;]\" \/>\n<meta property=\"og:url\" content=\"https:\/\/redjebouw.nl\/es\/servicios\/neerlandeses-en-el-extranjero\/\" \/>\n<meta property=\"og:site_name\" content=\"\u00a0RedJeBouw.nl\" \/>\n<meta property=\"article:modified_time\" content=\"2025-01-15T16:09:02+00:00\" \/>\n<meta property=\"og:image\" content=\"https:\/\/redjebouw.nl\/wp-content\/themes\/twentytwentyfive\/assets\/images\/woman-splashing-water.webp\" \/>\n<meta name=\"twitter:card\" content=\"summary_large_image\" \/>\n<script type=\"application\/ld+json\" class=\"yoast-schema-graph\">{\"@context\":\"https:\/\/schema.org\",\"@graph\":[{\"@type\":\"WebPage\",\"@id\":\"https:\/\/redjebouw.nl\/es\/servicios\/neerlandeses-en-el-extranjero\/\",\"url\":\"https:\/\/redjebouw.nl\/es\/servicios\/neerlandeses-en-el-extranjero\/\",\"name\":\"Cuestiones jur\u00eddicas de la construcci\u00f3n - \u00a0RedJeBouw.nl\",\"isPartOf\":{\"@id\":\"https:\/\/redjebouw.nl\/es\/#website\"},\"primaryImageOfPage\":{\"@id\":\"https:\/\/redjebouw.nl\/es\/servicios\/neerlandeses-en-el-extranjero\/#primaryimage\"},\"image\":{\"@id\":\"https:\/\/redjebouw.nl\/es\/servicios\/neerlandeses-en-el-extranjero\/#primaryimage\"},\"thumbnailUrl\":\"https:\/\/redjebouw.nl\/wp-content\/themes\/twentytwentyfive\/assets\/images\/woman-splashing-water.webp\",\"datePublished\":\"2025-01-14T16:37:16+00:00\",\"dateModified\":\"2025-01-15T16:09:02+00:00\",\"breadcrumb\":{\"@id\":\"https:\/\/redjebouw.nl\/es\/servicios\/neerlandeses-en-el-extranjero\/#breadcrumb\"},\"inLanguage\":\"es\",\"potentialAction\":[{\"@type\":\"ReadAction\",\"target\":[\"https:\/\/redjebouw.nl\/es\/servicios\/neerlandeses-en-el-extranjero\/\"]}]},{\"@type\":\"ImageObject\",\"inLanguage\":\"es\",\"@id\":\"https:\/\/redjebouw.nl\/es\/servicios\/neerlandeses-en-el-extranjero\/#primaryimage\",\"url\":\"https:\/\/redjebouw.nl\/wp-content\/themes\/twentytwentyfive\/assets\/images\/woman-splashing-water.webp\",\"contentUrl\":\"https:\/\/redjebouw.nl\/wp-content\/themes\/twentytwentyfive\/assets\/images\/woman-splashing-water.webp\"},{\"@type\":\"BreadcrumbList\",\"@id\":\"https:\/\/redjebouw.nl\/es\/servicios\/neerlandeses-en-el-extranjero\/#breadcrumb\",\"itemListElement\":[{\"@type\":\"ListItem\",\"position\":1,\"name\":\"Home\",\"item\":\"https:\/\/redjebouw.nl\/es\/\"},{\"@type\":\"ListItem\",\"position\":2,\"name\":\"Servicios\",\"item\":\"https:\/\/redjebouw.nl\/es\/servicios\/\"},{\"@type\":\"ListItem\",\"position\":3,\"name\":\"Cuestiones jur\u00eddicas de la construcci\u00f3n\"}]},{\"@type\":\"WebSite\",\"@id\":\"https:\/\/redjebouw.nl\/es\/#website\",\"url\":\"https:\/\/redjebouw.nl\/es\/\",\"name\":\"\u00a0RedJeBouw.nl\",\"description\":\"Bouwassistentie van A tot Z\",\"publisher\":{\"@id\":\"https:\/\/redjebouw.nl\/es\/#organization\"},\"potentialAction\":[{\"@type\":\"SearchAction\",\"target\":{\"@type\":\"EntryPoint\",\"urlTemplate\":\"https:\/\/redjebouw.nl\/es\/?s={search_term_string}\"},\"query-input\":{\"@type\":\"PropertyValueSpecification\",\"valueRequired\":true,\"valueName\":\"search_term_string\"}}],\"inLanguage\":\"es\"},{\"@type\":\"Organization\",\"@id\":\"https:\/\/redjebouw.nl\/es\/#organization\",\"name\":\"\u00a0RedJeBouw.nl\",\"url\":\"https:\/\/redjebouw.nl\/es\/\",\"logo\":{\"@type\":\"ImageObject\",\"inLanguage\":\"es\",\"@id\":\"https:\/\/redjebouw.nl\/es\/#\/schema\/logo\/image\/\",\"url\":\"https:\/\/redjebouw.nl\/wp-content\/uploads\/2025\/01\/Logo-rjb.png\",\"contentUrl\":\"https:\/\/redjebouw.nl\/wp-content\/uploads\/2025\/01\/Logo-rjb.png\",\"width\":875,\"height\":114,\"caption\":\"\u00a0RedJeBouw.nl\"},\"image\":{\"@id\":\"https:\/\/redjebouw.nl\/es\/#\/schema\/logo\/image\/\"}}]}<\/script>\n<!-- \/ Yoast SEO plugin. -->","yoast_head_json":{"title":"Cuestiones jur\u00eddicas de la construcci\u00f3n - \u00a0RedJeBouw.nl","robots":{"index":"index","follow":"follow","max-snippet":"max-snippet:-1","max-image-preview":"max-image-preview:large","max-video-preview":"max-video-preview:-1"},"canonical":"https:\/\/redjebouw.nl\/es\/servicios\/neerlandeses-en-el-extranjero\/","og_locale":"es_ES","og_type":"article","og_title":"Cuestiones jur\u00eddicas de la construcci\u00f3n - \u00a0RedJeBouw.nl","og_description":"\u00bfProblemas legales con la remodelaci\u00f3n o el proyecto de tu casa? Los conflictos sobre permisos, contratos o calidad de la construcci\u00f3n pueden retrasar seriamente tu proyecto. Nuestros expertos jur\u00eddicos est\u00e1n dispuestos a ayudarte con asesoramiento profesional y mediaci\u00f3n. Resolvemos los asuntos legales con rapidez y eficacia para que puedas seguir construyendo. Contacta con nosotros Un [&hellip;]","og_url":"https:\/\/redjebouw.nl\/es\/servicios\/neerlandeses-en-el-extranjero\/","og_site_name":"\u00a0RedJeBouw.nl","article_modified_time":"2025-01-15T16:09:02+00:00","og_image":[{"url":"https:\/\/redjebouw.nl\/wp-content\/themes\/twentytwentyfive\/assets\/images\/woman-splashing-water.webp","type":"","width":"","height":""}],"twitter_card":"summary_large_image","schema":{"@context":"https:\/\/schema.org","@graph":[{"@type":"WebPage","@id":"https:\/\/redjebouw.nl\/es\/servicios\/neerlandeses-en-el-extranjero\/","url":"https:\/\/redjebouw.nl\/es\/servicios\/neerlandeses-en-el-extranjero\/","name":"Cuestiones jur\u00eddicas de la construcci\u00f3n - \u00a0RedJeBouw.nl","isPartOf":{"@id":"https:\/\/redjebouw.nl\/es\/#website"},"primaryImageOfPage":{"@id":"https:\/\/redjebouw.nl\/es\/servicios\/neerlandeses-en-el-extranjero\/#primaryimage"},"image":{"@id":"https:\/\/redjebouw.nl\/es\/servicios\/neerlandeses-en-el-extranjero\/#primaryimage"},"thumbnailUrl":"https:\/\/redjebouw.nl\/wp-content\/themes\/twentytwentyfive\/assets\/images\/woman-splashing-water.webp","datePublished":"2025-01-14T16:37:16+00:00","dateModified":"2025-01-15T16:09:02+00:00","breadcrumb":{"@id":"https:\/\/redjebouw.nl\/es\/servicios\/neerlandeses-en-el-extranjero\/#breadcrumb"},"inLanguage":"es","potentialAction":[{"@type":"ReadAction","target":["https:\/\/redjebouw.nl\/es\/servicios\/neerlandeses-en-el-extranjero\/"]}]},{"@type":"ImageObject","inLanguage":"es","@id":"https:\/\/redjebouw.nl\/es\/servicios\/neerlandeses-en-el-extranjero\/#primaryimage","url":"https:\/\/redjebouw.nl\/wp-content\/themes\/twentytwentyfive\/assets\/images\/woman-splashing-water.webp","contentUrl":"https:\/\/redjebouw.nl\/wp-content\/themes\/twentytwentyfive\/assets\/images\/woman-splashing-water.webp"},{"@type":"BreadcrumbList","@id":"https:\/\/redjebouw.nl\/es\/servicios\/neerlandeses-en-el-extranjero\/#breadcrumb","itemListElement":[{"@type":"ListItem","position":1,"name":"Home","item":"https:\/\/redjebouw.nl\/es\/"},{"@type":"ListItem","position":2,"name":"Servicios","item":"https:\/\/redjebouw.nl\/es\/servicios\/"},{"@type":"ListItem","position":3,"name":"Cuestiones jur\u00eddicas de la construcci\u00f3n"}]},{"@type":"WebSite","@id":"https:\/\/redjebouw.nl\/es\/#website","url":"https:\/\/redjebouw.nl\/es\/","name":"\u00a0RedJeBouw.nl","description":"Bouwassistentie van A tot Z","publisher":{"@id":"https:\/\/redjebouw.nl\/es\/#organization"},"potentialAction":[{"@type":"SearchAction","target":{"@type":"EntryPoint","urlTemplate":"https:\/\/redjebouw.nl\/es\/?s={search_term_string}"},"query-input":{"@type":"PropertyValueSpecification","valueRequired":true,"valueName":"search_term_string"}}],"inLanguage":"es"},{"@type":"Organization","@id":"https:\/\/redjebouw.nl\/es\/#organization","name":"\u00a0RedJeBouw.nl","url":"https:\/\/redjebouw.nl\/es\/","logo":{"@type":"ImageObject","inLanguage":"es","@id":"https:\/\/redjebouw.nl\/es\/#\/schema\/logo\/image\/","url":"https:\/\/redjebouw.nl\/wp-content\/uploads\/2025\/01\/Logo-rjb.png","contentUrl":"https:\/\/redjebouw.nl\/wp-content\/uploads\/2025\/01\/Logo-rjb.png","width":875,"height":114,"caption":"\u00a0RedJeBouw.nl"},"image":{"@id":"https:\/\/redjebouw.nl\/es\/#\/schema\/logo\/image\/"}}]}},"_links":{"self":[{"href":"https:\/\/redjebouw.nl\/es\/wp-json\/wp\/v2\/pages\/422","targetHints":{"allow":["GET"]}}],"collection":[{"href":"https:\/\/redjebouw.nl\/es\/wp-json\/wp\/v2\/pages"}],"about":[{"href":"https:\/\/redjebouw.nl\/es\/wp-json\/wp\/v2\/types\/page"}],"author":[{"embeddable":true,"href":"https:\/\/redjebouw.nl\/es\/wp-json\/wp\/v2\/users\/1"}],"replies":[{"embeddable":true,"href":"https:\/\/redjebouw.nl\/es\/wp-json\/wp\/v2\/comments?post=422"}],"version-history":[{"count":12,"href":"https:\/\/redjebouw.nl\/es\/wp-json\/wp\/v2\/pages\/422\/revisions"}],"predecessor-version":[{"id":658,"href":"https:\/\/redjebouw.nl\/es\/wp-json\/wp\/v2\/pages\/422\/revisions\/658"}],"up":[{"embeddable":true,"href":"https:\/\/redjebouw.nl\/es\/wp-json\/wp\/v2\/pages\/546"}],"wp:attachment":[{"href":"https:\/\/redjebouw.nl\/es\/wp-json\/wp\/v2\/media?parent=422"}],"curies":[{"name":"wp","href":"https:\/\/api.w.org\/{rel}","templated":true}]}}